{"id":256,"date":"2025-10-11T21:27:00","date_gmt":"2025-10-11T21:27:00","guid":{"rendered":"http:\/\/web.produccioneshosana.com\/?page_id=256"},"modified":"2025-10-18T03:55:09","modified_gmt":"2025-10-18T09:55:09","slug":"nosotros","status":"publish","type":"page","link":"https:\/\/radiohosanacr.com\/?page_id=256","title":{"rendered":"Nosotros"},"content":{"rendered":"<h2 data-start=\"392\" data-end=\"427\">&#x1f64c; Sobre Nosotros \u2013 Radio Hosana<\/h2>\n<p style=\"text-align: justify;\">Desde San Isidro de Heredia, provincia de Costa Rica, <strong>Radio Hosana<\/strong> transmite las buenas nuevas de Jes\u00fas al mundo entero. Somos una emisora cristiana online dedicada a llevar el mensaje de salvaci\u00f3n con alegr\u00eda, esperanza y amor.<\/p>\n<p style=\"text-align: justify;\">Con programas de contenido b\u00edblico, reflexiones inspiradoras y m\u00fasica que toca el alma, animamos a nuestra audiencia a mantenerse en sinton\u00eda con Cristo cada d\u00eda.<\/p>\n<p style=\"text-align: justify;\" data-start=\"429\" data-end=\"687\">En <strong data-start=\"432\" data-end=\"448\">Radio Hosana<\/strong>, creemos que Dios habla a los corazones de muchas maneras: a trav\u00e9s de Su Palabra, de una oraci\u00f3n sincera\u2026 y s\u00ed, tambi\u00e9n a trav\u00e9s de una canci\u00f3n. Por eso existimos: <strong data-start=\"614\" data-end=\"686\">para acompa\u00f1arte, inspirarte y recordarte cada d\u00eda que no est\u00e1s solo<\/strong>.<\/p>\n<p style=\"text-align: justify;\" data-start=\"689\" data-end=\"971\">Nuestra radio nace del deseo profundo de ser <strong data-start=\"734\" data-end=\"761\">una compa\u00f1\u00eda espiritual<\/strong> para ti, est\u00e9s donde est\u00e9s. Ya sea que est\u00e1s empezando tu d\u00eda, terminando una jornada dif\u00edcil, buscando respuestas o simplemente necesitas un espacio de paz, queremos ser esa voz amiga que te conecta con Dios.<\/p>\n<h3 data-start=\"973\" data-end=\"996\">&#x1f399;&#xfe0f; \u00bfQu\u00e9 ofrecemos?<\/h3>\n<ul data-start=\"998\" data-end=\"1316\">\n<li data-start=\"998\" data-end=\"1074\">\n<p data-start=\"1000\" data-end=\"1074\"><strong data-start=\"1000\" data-end=\"1021\">Contenido b\u00edblico<\/strong> que edifica, ense\u00f1a y anima tu caminar con Cristo.<\/p>\n<\/li>\n<li data-start=\"1075\" data-end=\"1165\">\n<p data-start=\"1077\" data-end=\"1165\"><strong data-start=\"1077\" data-end=\"1097\">M\u00fasica cristiana<\/strong> que alegra el alma, fortalece el esp\u00edritu y transforma ambientes.<\/p>\n<\/li>\n<li data-start=\"1166\" data-end=\"1234\">\n<p data-start=\"1168\" data-end=\"1234\"><strong data-start=\"1168\" data-end=\"1193\">Mensajes de esperanza<\/strong> que te recuerdan las promesas de Dios.<\/p>\n<\/li>\n<li data-start=\"1235\" data-end=\"1316\">\n<p data-start=\"1237\" data-end=\"1316\"><strong data-start=\"1237\" data-end=\"1257\">Compa\u00f1\u00eda sincera<\/strong> para que nunca sientas que est\u00e1s enfrentando la vida solo.<\/p>\n<\/li>\n<\/ul>\n<h3 data-start=\"1318\" data-end=\"1354\">&#x1f91d; Nuestra misi\u00f3n: estar contigo<\/h3>\n<p style=\"text-align: justify;\" data-start=\"1356\" data-end=\"1578\">Sabemos que en este mundo lleno de ruido, preocupaciones y prisas, una palabra oportuna puede hacer la diferencia. Por eso, cada transmisi\u00f3n est\u00e1 pensada con amor y prop\u00f3sito: <strong data-start=\"1532\" data-end=\"1577\">para acompa\u00f1arte con fe, alegr\u00eda y verdad<\/strong>.<\/p>\n<p style=\"text-align: justify;\" data-start=\"1580\" data-end=\"1630\">La Biblia nos recuerda el valor de caminar juntos:<\/p>\n<p data-start=\"1632\" data-end=\"1781\">&#x1f4d6; <em data-start=\"1635\" data-end=\"1758\">\u201cMejores son dos que uno; porque tienen mejor paga por su trabajo. Porque si cayeren, el uno levantar\u00e1 a su compa\u00f1ero&#8230;\u201d<\/em><br data-start=\"1758\" data-end=\"1761\" \/>\u2013 Eclesiast\u00e9s 4:9-10<\/p>\n<p data-start=\"1783\" data-end=\"1840\">Y tambi\u00e9n nos anima a seguir edific\u00e1ndonos como hermanos:<\/p>\n<p data-start=\"1842\" data-end=\"1940\">&#x1f4d6; <em data-start=\"1845\" data-end=\"1914\">\u201cAn\u00edmense y edif\u00edquense unos a otros, tal como lo vienen haciendo.\u201d<\/em><br data-start=\"1914\" data-end=\"1917\" \/>\u2013 1 Tesalonicenses 5:11<\/p>\n<p style=\"text-align: justify;\" data-start=\"1942\" data-end=\"2095\">En Radio Hosana, tomamos este llamado muy en serio. <strong data-start=\"1994\" data-end=\"2095\">Queremos ser parte de tu d\u00eda, de tus momentos con Dios, de tus victorias y tambi\u00e9n de tus luchas.<\/strong><\/p>\n<h3 data-start=\"2097\" data-end=\"2145\">&#x1f30d; M\u00e1s que una radio\u2026 \u00a1una familia en la fe!<\/h3>\n<p style=\"text-align: justify;\" data-start=\"2147\" data-end=\"2391\">No somos solo una emisora. Somos un canal de bendici\u00f3n. <strong data-start=\"2203\" data-end=\"2301\">Una familia en Cristo que cree en el poder de la Palabra y en la fuerza de una canci\u00f3n ungida.<\/strong> Queremos acompa\u00f1arte a crecer, a creer, a sanar, a adorar y a vivir plenamente en Cristo.<\/p>\n<p style=\"text-align: justify;\" data-start=\"2393\" data-end=\"2544\">Gracias por abrirnos las puertas de tu vida. \u00a1Aqu\u00ed estamos, con los micr\u00f3fonos encendidos y el coraz\u00f3n dispuesto, para servirte en el nombre del Se\u00f1or!<\/p>\n<hr data-start=\"2546\" data-end=\"2549\" \/>\n<p style=\"text-align: justify;\" data-start=\"2551\" data-end=\"2684\">&#x1f4fb; <strong data-start=\"2554\" data-end=\"2570\">Radio Hosana<\/strong> \u2013 M\u00fasica que alegra el esp\u00edritu. Palabra que transforma el coraz\u00f3n.<br data-start=\"2638\" data-end=\"2641\" \/><strong data-start=\"2641\" data-end=\"2684\">\u00a1Siempre contigo!<\/strong><\/p>\n","protected":false},"excerpt":{"rendered":"<p>&#x1f64c; Sobre Nosotros \u2013 Radio Hosana Desde San Isidro de Heredia, provincia de Costa Rica, Radio Hosana transmite las buenas nuevas de Jes\u00fas al mundo entero. Somos una emisora cristiana online dedicada a llevar el mensaje de salvaci\u00f3n con alegr\u00eda, esperanza y amor. Con programas de contenido b\u00edblico, reflexiones inspiradoras y m\u00fasica que toca el [&hellip;]<\/p>\n","protected":false},"author":1,"featured_media":0,"parent":0,"menu_order":0,"comment_status":"closed","ping_status":"closed","template":"","meta":{"footnotes":""},"class_list":["post-256","page","type-page","status-publish","hentry"],"_links":{"self":[{"href":"https:\/\/radiohosanacr.com\/index.php?rest_route=\/wp\/v2\/pages\/256","targetHints":{"allow":["GET"]}}],"collection":[{"href":"https:\/\/radiohosanacr.com\/index.php?rest_route=\/wp\/v2\/pages"}],"about":[{"href":"https:\/\/radiohosanacr.com\/index.php?rest_route=\/wp\/v2\/types\/page"}],"author":[{"embeddable":true,"href":"https:\/\/radiohosanacr.com\/index.php?rest_route=\/wp\/v2\/users\/1"}],"replies":[{"embeddable":true,"href":"https:\/\/radiohosanacr.com\/index.php?rest_route=%2Fwp%2Fv2%2Fcomments&post=256"}],"version-history":[{"count":7,"href":"https:\/\/radiohosanacr.com\/index.php?rest_route=\/wp\/v2\/pages\/256\/revisions"}],"predecessor-version":[{"id":391,"href":"https:\/\/radiohosanacr.com\/index.php?rest_route=\/wp\/v2\/pages\/256\/revisions\/391"}],"wp:attachment":[{"href":"https:\/\/radiohosanacr.com\/index.php?rest_route=%2Fwp%2Fv2%2Fmedia&parent=256"}],"curies":[{"name":"wp","href":"https:\/\/api.w.org\/{rel}","templated":true}]}}